{"id":41,"date":"2025-12-04T11:15:50","date_gmt":"2025-12-04T11:15:50","guid":{"rendered":"https:\/\/smartcaisse.shop\/about-us\/"},"modified":"2026-01-02T23:33:19","modified_gmt":"2026-01-02T23:33:19","slug":"about-us","status":"publish","type":"page","link":"https:\/\/smartcaisse.shop\/ar\/about-us\/","title":{"rendered":"About Us"},"content":{"rendered":"<div data-elementor-type=\"wp-page\" data-elementor-id=\"41\" class=\"elementor elementor-41\" data-elementor-post-type=\"page\">\n\t\t\t\t<div class=\"elementor-element elementor-element-1a330d2 e-flex e-con-boxed e-con e-parent\" data-id=\"1a330d2\" data-element_type=\"container\" data-settings=\"{&quot;ekit_has_onepagescroll_dot&quot;:&quot;yes&quot;}\">\n\t\t\t\t\t<div class=\"e-con-inner\">\n\t\t\t\t<div class=\"elementor-element elementor-element-7abb414 elementor-widget elementor-widget-flex-hero\" data-id=\"7abb414\" data-element_type=\"widget\" data-settings=\"{&quot;layout_column_structure&quot;:&quot;33-66&quot;,&quot;layout_reverse_structure&quot;:&quot;yes&quot;,&quot;layout_image_position&quot;:&quot;start&quot;,&quot;layout_preset&quot;:&quot;showcase&quot;,&quot;primary_button_shape&quot;:&quot;default&quot;,&quot;image_shape&quot;:&quot;sharp&quot;,&quot;box_shape&quot;:&quot;sharp&quot;,&quot;ekit_we_effect_on&quot;:&quot;none&quot;}\" data-widget_type=\"flex-hero.default\">\n\t\t\t\t<div class=\"elementor-widget-container\">\n\t\t\t\t\t\t\t<div class=\"has-shape-sharp shape-type-box has-column-structure-33-66 is-reverse ehp-flex-hero has-layout-preset-showcase has-image-stretch has-image-position-start\">\n\t\t\t\t\t\t<div class=\"ehp-flex-hero__overlay\"><\/div>\n\t\t\t<div class=\"ehp-flex-hero__content-container\">\n\t\t\t\t<p class=\"ehp-flex-hero__intro\">\u0644\u0623\u0643\u062b\u0631 \u0645\u0646 25 \u0639\u0627\u0645\u064b\u0627\u060c \u062f\u0623\u0628\u062a \u0634\u0631\u0643\u0629 \u0633\u0645\u0627\u0631\u062a \u0643\u064a\u0633 \u0639\u0644\u0649 \u062f\u0639\u0645 \u0639\u0645\u0644\u0627\u0626\u0647\u0627.<\/p><h2 class=\"ehp-flex-hero__heading\">\u0645\u0646 \u062e\u0644\u0627\u0644 \u062a\u0632\u0648\u064a\u062f\u0647\u0645 \u0628\u062d\u0644\u0648\u0644 \u0623\u0646\u0638\u0645\u0629 \u0646\u0642\u0627\u0637 \u0627\u0644\u0628\u064a\u0639 \u0639\u0627\u0644\u064a\u0629 \u0627\u0644\u0623\u062f\u0627\u0621 \u0648\u0627\u0644\u0645\u0628\u062a\u0643\u0631\u0629. <\/h2>\t\t\t<div class=\"ehp-flex-hero__ctas-container\">\n\t\t\t\t\t\t<a class=\"has-shape-default shape-type-button ehp-button ehp-button--primary ehp-flex-hero__button ehp-flex-hero__button--primary is-type-button\">\n\t\t\t\t\t<span class=\"ehp-button__text ehp-flex-hero__button-text ehp-flex-hero__button-text--primary\">\n\t\t\t\u062c\u062f\u0648\u0644 \u0627\u0644\u0622\u0646\t\t\t\t<\/a>\n\t\t\t\t\t\t\t\t\t<\/div>\n\t\t\t\t\t<\/div>\n\t\t\t\t<div class=\"ehp-flex-hero__image-wrapper\">\n\t\t\t\t\t<div class=\"ehp-image ehp-flex-hero__image-container\">\n\t\t\t\t<img decoding=\"async\" class=\"ehp-image__img ehp-flex-hero__img has-border has-shape-sharp shape-type-image\" src=\"https:\/\/smartcaisse.shop\/wp-content\/uploads\/2025\/12\/Gemini_Generated_Image_1oz0r41oz0r41oz0.png\" title=\"Gemini_Generated_Image_1oz0r41oz0r41oz0\" alt=\"Gemini_Generated_Image_1oz0r41oz0r41oz0\" loading=\"lazy\" \/>\t\t\t<\/div>\n\t\t\t\t\t<\/div>\n\t\t\t\t<\/div>\n\t\t\t\t\t\t<\/div>\n\t\t\t\t<\/div>\n\t\t\t\t<div class=\"elementor-element elementor-element-65420ee elementor-widget__width-initial elementor-widget elementor-widget-text-editor\" data-id=\"65420ee\" data-element_type=\"widget\" data-settings=\"{&quot;ekit_we_effect_on&quot;:&quot;none&quot;}\" data-widget_type=\"text-editor.default\">\n\t\t\t\t\t\t\t\t\t<p>\u0628\u0641\u0636\u0644 \u062e\u0628\u0631\u062a\u0647\u0627 \u0627\u0644\u0631\u0627\u0633\u062e\u0629 \u0648\u0641\u0647\u0645\u0647\u0627 \u0627\u0644\u0639\u0645\u064a\u0642 \u0644\u0627\u062d\u062a\u064a\u0627\u062c\u0627\u062a \u062a\u062c\u0627\u0631 \u0627\u0644\u062a\u062c\u0632\u0626\u0629 \u0648\u0627\u0644\u0645\u0647\u0646\u064a\u064a\u0646\u060c \u062a\u0648\u0641\u0631 \u0633\u0645\u0627\u0631\u062a \u0643\u0627\u064a\u0633 \u0645\u0639\u062f\u0627\u062a \u0645\u0648\u062b\u0648\u0642\u0629 \u0648\u0633\u0647\u0644\u0629 \u0627\u0644\u0627\u0633\u062a\u062e\u062f\u0627\u0645 \u062a\u062a\u0646\u0627\u0633\u0628 \u0645\u0639 \u0645\u062a\u0637\u0644\u0628\u0627\u062a \u0627\u0644\u0633\u0648\u0642. \u062b\u0642\u0629 \u0639\u0645\u0644\u0627\u0626\u0646\u0627 \u0647\u064a \u0623\u0633\u0627\u0633 \u0627\u0644\u062a\u0632\u0627\u0645\u0646\u0627\u060c \u0648\u0631\u0636\u0627\u0647\u0645 \u0647\u0648 \u0623\u0648\u0644\u0648\u064a\u062a\u0646\u0627 \u0627\u0644\u0642\u0635\u0648\u0649\u060c \u0645\u062f\u0639\u0648\u0645\u064b\u0627 \u0628\u062e\u062f\u0645\u0629 \u0645\u062d\u0644\u064a\u0629 \u0648\u062f\u0639\u0645 \u0641\u0646\u064a \u0639\u0627\u0644\u064a \u0627\u0644\u062c\u0648\u062f\u0629.<\/p>\t\t\t\t\t\t\t\t<\/div>\n\t\t<div class=\"elementor-element elementor-element-e5829bb e-con-full e-flex e-con e-child\" data-id=\"e5829bb\" data-element_type=\"container\" data-settings=\"{&quot;ekit_has_onepagescroll_dot&quot;:&quot;yes&quot;}\">\n\t\t<div class=\"elementor-element elementor-element-cb40220 e-flex e-con-boxed e-con e-child\" data-id=\"cb40220\" data-element_type=\"container\" data-settings=\"{&quot;ekit_has_onepagescroll_dot&quot;:&quot;yes&quot;}\">\n\t\t\t\t\t<div class=\"e-con-inner\">\n\t\t\t\t<div class=\"elementor-element elementor-element-4e8459b elementor-position-left elementor-vertical-align-top elementor-widget elementor-widget-image-box\" data-id=\"4e8459b\" data-element_type=\"widget\" data-settings=\"{&quot;ekit_we_effect_on&quot;:&quot;none&quot;}\" data-widget_type=\"image-box.default\">\n\t\t\t\t\t<div class=\"elementor-image-box-wrapper\"><figure class=\"elementor-image-box-img\"><img fetchpriority=\"high\" decoding=\"async\" width=\"2400\" height=\"1792\" src=\"https:\/\/smartcaisse.shop\/wp-content\/uploads\/2026\/01\/Gemini_Generated_Image_cowz0xcowz0xcowz.png\" class=\"attachment-full size-full wp-image-879\" alt=\"\" srcset=\"https:\/\/smartcaisse.shop\/wp-content\/uploads\/2026\/01\/Gemini_Generated_Image_cowz0xcowz0xcowz.png 2400w, https:\/\/smartcaisse.shop\/wp-content\/uploads\/2026\/01\/Gemini_Generated_Image_cowz0xcowz0xcowz-300x224.png 300w, https:\/\/smartcaisse.shop\/wp-content\/uploads\/2026\/01\/Gemini_Generated_Image_cowz0xcowz0xcowz-1024x765.png 1024w, https:\/\/smartcaisse.shop\/wp-content\/uploads\/2026\/01\/Gemini_Generated_Image_cowz0xcowz0xcowz-768x573.png 768w, https:\/\/smartcaisse.shop\/wp-content\/uploads\/2026\/01\/Gemini_Generated_Image_cowz0xcowz0xcowz-1536x1147.png 1536w, https:\/\/smartcaisse.shop\/wp-content\/uploads\/2026\/01\/Gemini_Generated_Image_cowz0xcowz0xcowz-2048x1529.png 2048w, https:\/\/smartcaisse.shop\/wp-content\/uploads\/2026\/01\/Gemini_Generated_Image_cowz0xcowz0xcowz-16x12.png 16w, https:\/\/smartcaisse.shop\/wp-content\/uploads\/2026\/01\/Gemini_Generated_Image_cowz0xcowz0xcowz-600x448.png 600w\" sizes=\"(max-width: 2400px) 100vw, 2400px\" \/><\/figure><div class=\"elementor-image-box-content\"><h3 class=\"elementor-image-box-title\">\u0641\u0631\u064a\u0642 \u0645\u0646 \u0627\u0644\u0645\u062d\u062a\u0631\u0641\u064a\u0646 \u0639\u0644\u0649 \u0627\u0633\u062a\u0639\u062f\u0627\u062f \u0644\u0644\u0627\u0633\u062a\u0645\u0627\u0639 \u0625\u0644\u064a\u0643<\/h3><p class=\"elementor-image-box-description\">\u0641\u0631\u064a\u0642\u0646\u0627 \u0645\u0646 \u0627\u0644\u0645\u062d\u062a\u0631\u0641\u064a\u0646 \u0627\u0644\u0645\u062a\u0641\u0627\u0646\u064a\u0646 \u0641\u064a \u062e\u062f\u0645\u062a\u0643\u0645 \u0628\u0627\u0644\u0643\u0627\u0645\u0644. \u0645\u0639 \u062e\u0628\u0631\u0627\u0626\u0646\u0627 \u0648\u0645\u0633\u062a\u0634\u0627\u0631\u064a\u0646\u0627 \u0627\u0644\u062a\u0642\u0646\u064a\u064a\u0646 \u0627\u0644\u0630\u064a\u0646 \u064a\u064f\u0648\u0644\u0648\u0646 \u0627\u0647\u062a\u0645\u0627\u0645\u064b\u0627 \u0643\u0628\u064a\u0631\u064b\u0627 \u0644\u0627\u062d\u062a\u064a\u0627\u062c\u0627\u062a\u0643\u0645\u060c \u0646\u0644\u062a\u0632\u0645 \u0628\u062a\u0642\u062f\u064a\u0645 \u062f\u0639\u0645 \u0634\u062e\u0635\u064a \u0644\u0645\u0634\u0631\u0648\u0639\u0643\u0645\u060c \u0648\u0646\u0642\u062f\u0645 \u0644\u0643\u0645 \u0623\u0641\u0636\u0644 \u0627\u0644\u0646\u0635\u0627\u0626\u062d \u0627\u0644\u062a\u064a \u062a\u0646\u0627\u0633\u0628 \u0623\u0639\u0645\u0627\u0644\u0643\u0645. \u062d\u0644\u0648\u0644\u0646\u0627 \u0644\u0646\u0642\u0627\u0637 \u0627\u0644\u0628\u064a\u0639\u060c \u0633\u0647\u0644\u0629 \u0648\u0633\u0631\u064a\u0639\u0629 \u0627\u0644\u062a\u0637\u0628\u064a\u0642\u060c \u0645\u062f\u0639\u0648\u0645\u0629 \u0628\u0641\u0631\u064a\u0642 \u062c\u0627\u0647\u0632 \u0644\u0645\u0633\u0627\u0639\u062f\u062a\u0643\u0645 \u0641\u064a \u0643\u0644 \u0645\u0631\u062d\u0644\u0629 \u0645\u0646 \u0645\u0631\u0627\u062d\u0644 \u0627\u0644\u062a\u0637\u0648\u064a\u0631. \u0645\u0639\u0646\u0627\u060c \u0633\u062a\u062c\u062f\u0648\u0646 \u062f\u0627\u0626\u0645\u064b\u0627 \u062e\u062f\u0645\u0629 \u0645\u062a\u0645\u064a\u0632\u0629 \u0648\u062f\u0639\u0645\u064b\u0627 \u0641\u0646\u064a\u064b\u0627 \u0645\u062a\u062e\u0635\u0635\u064b\u0627.<\/p><\/div><\/div>\t\t\t\t<\/div>\n\t\t\t\t\t<\/div>\n\t\t\t\t<\/div>\n\t\t\t\t<\/div>\n\t\t\t\t\t<\/div>\n\t\t\t\t<\/div>\n\t\t<div class=\"elementor-element elementor-element-f2dbaba e-grid e-con-boxed e-con e-parent\" data-id=\"f2dbaba\" data-element_type=\"container\" data-settings=\"{&quot;background_background&quot;:&quot;classic&quot;,&quot;ekit_has_onepagescroll_dot&quot;:&quot;yes&quot;}\">\n\t\t\t\t\t<div class=\"e-con-inner\">\n\t\t\t\t<div class=\"elementor-element elementor-element-1f36e09 elementor-widget elementor-widget-counter\" data-id=\"1f36e09\" data-element_type=\"widget\" data-settings=\"{&quot;ekit_we_effect_on&quot;:&quot;none&quot;}\" data-widget_type=\"counter.default\">\n\t\t\t\t\t\t\t<div class=\"elementor-counter\">\n\t\t\t<div class=\"elementor-counter-title\">\u0633\u0646\u0648\u0627\u062a \u0645\u0646 \u0627\u0644\u062e\u0628\u0631\u0629<\/div>\t\t\t<div class=\"elementor-counter-number-wrapper\">\n\t\t\t\t<span class=\"elementor-counter-number-prefix\"><\/span>\n\t\t\t\t<span class=\"elementor-counter-number\" data-duration=\"2000\" data-to-value=\"25\" data-from-value=\"0\" data-delimiter=\",\">0<\/span>\n\t\t\t\t<span class=\"elementor-counter-number-suffix\"><\/span>\n\t\t\t<\/div>\n\t\t<\/div>\n\t\t\t\t\t\t<\/div>\n\t\t\t\t<div class=\"elementor-element elementor-element-0e1b796 elementor-widget elementor-widget-counter\" data-id=\"0e1b796\" data-element_type=\"widget\" data-settings=\"{&quot;ekit_we_effect_on&quot;:&quot;none&quot;}\" data-widget_type=\"counter.default\">\n\t\t\t\t\t\t\t<div class=\"elementor-counter\">\n\t\t\t<div class=\"elementor-counter-title\">\u0627\u0644\u0648\u0638\u0627\u0626\u0641<\/div>\t\t\t<div class=\"elementor-counter-number-wrapper\">\n\t\t\t\t<span class=\"elementor-counter-number-prefix\"><\/span>\n\t\t\t\t<span class=\"elementor-counter-number\" data-duration=\"2000\" data-to-value=\"400\" data-from-value=\"0\" data-delimiter=\",\">0<\/span>\n\t\t\t\t<span class=\"elementor-counter-number-suffix\"><\/span>\n\t\t\t<\/div>\n\t\t<\/div>\n\t\t\t\t\t\t<\/div>\n\t\t\t\t<div class=\"elementor-element elementor-element-e8f7fa1 elementor-widget elementor-widget-counter\" data-id=\"e8f7fa1\" data-element_type=\"widget\" data-settings=\"{&quot;ekit_we_effect_on&quot;:&quot;none&quot;}\" data-widget_type=\"counter.default\">\n\t\t\t\t\t\t\t<div class=\"elementor-counter\">\n\t\t\t<div class=\"elementor-counter-title\">\u0639\u0645\u0644\u0627\u0621<\/div>\t\t\t<div class=\"elementor-counter-number-wrapper\">\n\t\t\t\t<span class=\"elementor-counter-number-prefix\"><\/span>\n\t\t\t\t<span class=\"elementor-counter-number\" data-duration=\"2000\" data-to-value=\"1500\" data-from-value=\"0\" data-delimiter=\",\">0<\/span>\n\t\t\t\t<span class=\"elementor-counter-number-suffix\"><\/span>\n\t\t\t<\/div>\n\t\t<\/div>\n\t\t\t\t\t\t<\/div>\n\t\t\t\t<div class=\"elementor-element elementor-element-750865e elementor-widget elementor-widget-counter\" data-id=\"750865e\" data-element_type=\"widget\" data-settings=\"{&quot;ekit_we_effect_on&quot;:&quot;none&quot;}\" data-widget_type=\"counter.default\">\n\t\t\t\t\t\t\t<div class=\"elementor-counter\">\n\t\t\t<div class=\"elementor-counter-title\">\u0631\u0642\u0645 \u0631\u0627\u0626\u0639<\/div>\t\t\t<div class=\"elementor-counter-number-wrapper\">\n\t\t\t\t<span class=\"elementor-counter-number-prefix\"><\/span>\n\t\t\t\t<span class=\"elementor-counter-number\" data-duration=\"2000\" data-to-value=\"100\" data-from-value=\"0\" data-delimiter=\",\">0<\/span>\n\t\t\t\t<span class=\"elementor-counter-number-suffix\"><\/span>\n\t\t\t<\/div>\n\t\t<\/div>\n\t\t\t\t\t\t<\/div>\n\t\t\t\t\t<\/div>\n\t\t\t\t<\/div>\n\t\t<div class=\"elementor-element elementor-element-5703195 e-con-full e-flex e-con e-parent\" data-id=\"5703195\" data-element_type=\"container\" data-settings=\"{&quot;ekit_has_onepagescroll_dot&quot;:&quot;yes&quot;}\">\n\t\t\t\t<div class=\"elementor-element elementor-element-caf5de0 elementor-headline--style-highlight elementor-widget elementor-widget-animated-headline\" data-id=\"caf5de0\" data-element_type=\"widget\" data-settings=\"{&quot;highlighted_text&quot;:&quot;Smart Caisse&quot;,&quot;headline_style&quot;:&quot;highlight&quot;,&quot;marker&quot;:&quot;circle&quot;,&quot;loop&quot;:&quot;yes&quot;,&quot;highlight_animation_duration&quot;:1200,&quot;highlight_iteration_delay&quot;:8000,&quot;ekit_we_effect_on&quot;:&quot;none&quot;}\" data-widget_type=\"animated-headline.default\">\n\t\t\t\t\t\t\t<h3 class=\"elementor-headline\">\n\t\t\t\t\t<span class=\"elementor-headline-plain-text elementor-headline-text-wrapper\">\u0627\u062e\u062a\u0631 \u0627\u0644\u0622\u0646<\/span>\n\t\t\t\t<span class=\"elementor-headline-dynamic-wrapper elementor-headline-text-wrapper\">\n\t\t\t\t\t<span class=\"elementor-headline-dynamic-text elementor-headline-text-active\">\u0633\u0645\u0627\u0631\u062a \u0643\u064a\u0633<\/span>\n\t\t\t\t<\/span>\n\t\t\t\t<\/h3>\n\t\t\t\t\t\t<\/div>\n\t\t\t\t<div class=\"elementor-element elementor-element-f994fef elementor-widget elementor-widget-text-editor\" data-id=\"f994fef\" data-element_type=\"widget\" data-settings=\"{&quot;ekit_we_effect_on&quot;:&quot;none&quot;}\" data-widget_type=\"text-editor.default\">\n\t\t\t\t\t\t\t\t\t<p>\u062d\u062f\u062f \u0645\u0648\u0639\u062f\u064b\u0627 \u0644\u0639\u0631\u0636 \u062a\u0648\u0636\u064a\u062d\u064a \u0644\u0645\u0646\u0635\u062a\u0646\u0627 \u0644\u0627\u0643\u062a\u0634\u0627\u0641 \u0643\u064a\u0641\u064a\u0629 \u062a\u0628\u0633\u064a\u0637 \u0627\u0644\u0623\u0645\u0648\u0631<br \/>\u0631\u0642\u0645\u0646\u0629 \u0623\u0639\u0645\u0627\u0644\u0643 \u0648\u0632\u064a\u0627\u062f\u0629 \u0625\u064a\u0631\u0627\u062f\u0627\u062a\u0643.\u00a0<\/p>\t\t\t\t\t\t\t\t<\/div>\n\t\t\t\t<div class=\"elementor-element elementor-element-20a18a6 elementor-button-danger elementor-align-center elementor-widget elementor-widget-button\" data-id=\"20a18a6\" data-element_type=\"widget\" data-settings=\"{&quot;ekit_we_effect_on&quot;:&quot;none&quot;}\" data-widget_type=\"button.default\">\n\t\t\t\t\t\t\t\t\t\t<a class=\"elementor-button elementor-button-link elementor-size-sm\" href=\"#\">\n\t\t\t\t\t\t<span class=\"elementor-button-content-wrapper\">\n\t\t\t\t\t\t\t\t\t<span class=\"elementor-button-text\">\u0627\u0637\u0644\u0628 \u0639\u0631\u0636 \u0633\u0639\u0631<\/span>\n\t\t\t\t\t<\/span>\n\t\t\t\t\t<\/a>\n\t\t\t\t\t\t\t\t<\/div>\n\t\t\t\t<div class=\"elementor-element elementor-element-c8f2d15 elementor-shape-rounded elementor-grid-0 e-grid-align-center elementor-widget elementor-widget-social-icons\" data-id=\"c8f2d15\" data-element_type=\"widget\" data-settings=\"{&quot;ekit_we_effect_on&quot;:&quot;none&quot;}\" data-widget_type=\"social-icons.default\">\n\t\t\t\t\t\t\t<div class=\"elementor-social-icons-wrapper elementor-grid\" role=\"list\">\n\t\t\t\t\t\t\t<span class=\"elementor-grid-item\" role=\"listitem\">\n\t\t\t\t\t<a class=\"elementor-icon elementor-social-icon elementor-social-icon-facebook elementor-repeater-item-5cad1d6\" target=\"_blank\">\n\t\t\t\t\t\t<span class=\"elementor-screen-only\">\u0641\u064a\u0633\u0628\u0648\u0643<\/span>\n\t\t\t\t\t\t<svg aria-hidden=\"true\" class=\"e-font-icon-svg e-fab-facebook\" viewbox=\"0 0 512 512\" xmlns=\"http:\/\/www.w3.org\/2000\/svg\"><path d=\"M504 256C504 119 393 8 256 8S8 119 8 256c0 123.78 90.69 226.38 209.25 245V327.69h-63V256h63v-54.64c0-62.15 37-96.48 93.67-96.48 27.14 0 55.52 4.84 55.52 4.84v61h-31.28c-30.8 0-40.41 19.12-40.41 38.73V256h68.78l-11 71.69h-57.78V501C413.31 482.38 504 379.78 504 256z\"><\/path><\/svg>\t\t\t\t\t<\/a>\n\t\t\t\t<\/span>\n\t\t\t\t\t\t\t<span class=\"elementor-grid-item\" role=\"listitem\">\n\t\t\t\t\t<a class=\"elementor-icon elementor-social-icon elementor-social-icon-instagram elementor-repeater-item-848bce2\" target=\"_blank\">\n\t\t\t\t\t\t<span class=\"elementor-screen-only\">\u0627\u0646\u0633\u062a\u063a\u0631\u0627\u0645<\/span>\n\t\t\t\t\t\t<svg aria-hidden=\"true\" class=\"e-font-icon-svg e-fab-instagram\" viewbox=\"0 0 448 512\" xmlns=\"http:\/\/www.w3.org\/2000\/svg\"><path d=\"M224.1 141c-63.6 0-114.9 51.3-114.9 114.9s51.3 114.9 114.9 114.9S339 319.5 339 255.9 287.7 141 224.1 141zm0 189.6c-41.1 0-74.7-33.5-74.7-74.7s33.5-74.7 74.7-74.7 74.7 33.5 74.7 74.7-33.6 74.7-74.7 74.7zm146.4-194.3c0 14.9-12 26.8-26.8 26.8-14.9 0-26.8-12-26.8-26.8s12-26.8 26.8-26.8 26.8 12 26.8 26.8zm76.1 27.2c-1.7-35.9-9.9-67.7-36.2-93.9-26.2-26.2-58-34.4-93.9-36.2-37-2.1-147.9-2.1-184.9 0-35.8 1.7-67.6 9.9-93.9 36.1s-34.4 58-36.2 93.9c-2.1 37-2.1 147.9 0 184.9 1.7 35.9 9.9 67.7 36.2 93.9s58 34.4 93.9 36.2c37 2.1 147.9 2.1 184.9 0 35.9-1.7 67.7-9.9 93.9-36.2 26.2-26.2 34.4-58 36.2-93.9 2.1-37 2.1-147.8 0-184.8zM398.8 388c-7.8 19.6-22.9 34.7-42.6 42.6-29.5 11.7-99.5 9-132.1 9s-102.7 2.6-132.1-9c-19.6-7.8-34.7-22.9-42.6-42.6-11.7-29.5-9-99.5-9-132.1s-2.6-102.7 9-132.1c7.8-19.6 22.9-34.7 42.6-42.6 29.5-11.7 99.5-9 132.1-9s102.7-2.6 132.1 9c19.6 7.8 34.7 22.9 42.6 42.6 11.7 29.5 9 99.5 9 132.1s2.7 102.7-9 132.1z\"><\/path><\/svg>\t\t\t\t\t<\/a>\n\t\t\t\t<\/span>\n\t\t\t\t\t\t\t<span class=\"elementor-grid-item\" role=\"listitem\">\n\t\t\t\t\t<a class=\"elementor-icon elementor-social-icon elementor-social-icon-youtube elementor-repeater-item-e5f1962\" target=\"_blank\">\n\t\t\t\t\t\t<span class=\"elementor-screen-only\">\u064a\u0648\u062a\u064a\u0648\u0628<\/span>\n\t\t\t\t\t\t<svg aria-hidden=\"true\" class=\"e-font-icon-svg e-fab-youtube\" viewbox=\"0 0 576 512\" xmlns=\"http:\/\/www.w3.org\/2000\/svg\"><path d=\"M549.655 124.083c-6.281-23.65-24.787-42.276-48.284-48.597C458.781 64 288 64 288 64S117.22 64 74.629 75.486c-23.497 6.322-42.003 24.947-48.284 48.597-11.412 42.867-11.412 132.305-11.412 132.305s0 89.438 11.412 132.305c6.281 23.65 24.787 41.5 48.284 47.821C117.22 448 288 448 288 448s170.78 0 213.371-11.486c23.497-6.321 42.003-24.171 48.284-47.821 11.412-42.867 11.412-132.305 11.412-132.305s0-89.438-11.412-132.305zm-317.51 213.508V175.185l142.739 81.205-142.739 81.201z\"><\/path><\/svg>\t\t\t\t\t<\/a>\n\t\t\t\t<\/span>\n\t\t\t\t\t\t\t<span class=\"elementor-grid-item\" role=\"listitem\">\n\t\t\t\t\t<a class=\"elementor-icon elementor-social-icon elementor-social-icon-twitter elementor-repeater-item-ad61d27\" target=\"_blank\">\n\t\t\t\t\t\t<span class=\"elementor-screen-only\">\u062a\u063a\u0631\u064a\u062f<\/span>\n\t\t\t\t\t\t<svg aria-hidden=\"true\" class=\"e-font-icon-svg e-fab-twitter\" viewbox=\"0 0 512 512\" xmlns=\"http:\/\/www.w3.org\/2000\/svg\"><path d=\"M459.37 151.716c.325 4.548.325 9.097.325 13.645 0 138.72-105.583 298.558-298.558 298.558-59.452 0-114.68-17.219-161.137-47.106 8.447.974 16.568 1.299 25.34 1.299 49.055 0 94.213-16.568 130.274-44.832-46.132-.975-84.792-31.188-98.112-72.772 6.498.974 12.995 1.624 19.818 1.624 9.421 0 18.843-1.3 27.614-3.573-48.081-9.747-84.143-51.98-84.143-102.985v-1.299c13.969 7.797 30.214 12.67 47.431 13.319-28.264-18.843-46.781-51.005-46.781-87.391 0-19.492 5.197-37.36 14.294-52.954 51.655 63.675 129.3 105.258 216.365 109.807-1.624-7.797-2.599-15.918-2.599-24.04 0-57.828 46.782-104.934 104.934-104.934 30.213 0 57.502 12.67 76.67 33.137 23.715-4.548 46.456-13.32 66.599-25.34-7.798 24.366-24.366 44.833-46.132 57.827 21.117-2.273 41.584-8.122 60.426-16.243-14.292 20.791-32.161 39.308-52.628 54.253z\"><\/path><\/svg>\t\t\t\t\t<\/a>\n\t\t\t\t<\/span>\n\t\t\t\t\t\t\t<span class=\"elementor-grid-item\" role=\"listitem\">\n\t\t\t\t\t<a class=\"elementor-icon elementor-social-icon elementor-social-icon-whatsapp elementor-repeater-item-80e1571\" target=\"_blank\">\n\t\t\t\t\t\t<span class=\"elementor-screen-only\">\u0648\u0627\u062a\u0633\u0627\u0628<\/span>\n\t\t\t\t\t\t<svg aria-hidden=\"true\" class=\"e-font-icon-svg e-fab-whatsapp\" viewbox=\"0 0 448 512\" xmlns=\"http:\/\/www.w3.org\/2000\/svg\"><path d=\"M380.9 97.1C339 55.1 283.2 32 223.9 32c-122.4 0-222 99.6-222 222 0 39.1 10.2 77.3 29.6 111L0 480l117.7-30.9c32.4 17.7 68.9 27 106.1 27h.1c122.3 0 224.1-99.6 224.1-222 0-59.3-25.2-115-67.1-157zm-157 341.6c-33.2 0-65.7-8.9-94-25.7l-6.7-4-69.8 18.3L72 359.2l-4.4-7c-18.5-29.4-28.2-63.3-28.2-98.2 0-101.7 82.8-184.5 184.6-184.5 49.3 0 95.6 19.2 130.4 54.1 34.8 34.9 56.2 81.2 56.1 130.5 0 101.8-84.9 184.6-186.6 184.6zm101.2-138.2c-5.5-2.8-32.8-16.2-37.9-18-5.1-1.9-8.8-2.8-12.5 2.8-3.7 5.6-14.3 18-17.6 21.8-3.2 3.7-6.5 4.2-12 1.4-32.6-16.3-54-29.1-75.5-66-5.7-9.8 5.7-9.1 16.3-30.3 1.8-3.7.9-6.9-.5-9.7-1.4-2.8-12.5-30.1-17.1-41.2-4.5-10.8-9.1-9.3-12.5-9.5-3.2-.2-6.9-.2-10.6-.2-3.7 0-9.7 1.4-14.8 6.9-5.1 5.6-19.4 19-19.4 46.3 0 27.3 19.9 53.7 22.6 57.4 2.8 3.7 39.1 59.7 94.8 83.8 35.2 15.2 49 16.5 66.6 13.9 10.7-1.6 32.8-13.4 37.4-26.4 4.6-13 4.6-24.1 3.2-26.4-1.3-2.5-5-3.9-10.5-6.6z\"><\/path><\/svg>\t\t\t\t\t<\/a>\n\t\t\t\t<\/span>\n\t\t\t\t\t<\/div>\n\t\t\t\t\t\t<\/div>\n\t\t\t\t<\/div>\n\t\t\t\t<\/div>\n\t\t\n    <div class=\"xs_social_share_widget xs_share_url after_content \t\tmain_content  wslu-style-1 wslu-share-box-shaped wslu-fill-colored wslu-none wslu-share-horizontal wslu-theme-font-no wslu-main_content\">\n\n\t\t\n        <ul>\n\t\t\t        <\/ul>\n    <\/div>","protected":false},"excerpt":{"rendered":"<p>Depuis plus de 25 ans, Smart Caisse accompagne ses clients. en leur proposant des solutions performantes et innovantes de syst\u00e8mes de caisse. Schedule Now Forte d\u2019une exp\u00e9rience solide et d\u2019une parfaite compr\u00e9hension des besoins des commer\u00e7ants et des professionnels, Smart Caisse met \u00e0 disposition des \u00e9quipements fiables, simples d\u2019utilisation et adapt\u00e9s aux \u00e9volutions du march\u00e9. [&hellip;]<\/p>","protected":false},"author":1,"featured_media":0,"parent":0,"menu_order":0,"comment_status":"closed","ping_status":"closed","template":"elementor_header_footer","meta":{"postBodyCss":"","postBodyMargin":[],"postBodyPadding":[],"postBodyBackground":{"backgroundType":"classic","gradient":""},"footnotes":""},"class_list":["post-41","page","type-page","status-publish","hentry"],"_hostinger_reach_plugin_has_subscription_block":false,"_hostinger_reach_plugin_is_elementor":false,"_links":{"self":[{"href":"https:\/\/smartcaisse.shop\/ar\/wp-json\/wp\/v2\/pages\/41","targetHints":{"allow":["GET"]}}],"collection":[{"href":"https:\/\/smartcaisse.shop\/ar\/wp-json\/wp\/v2\/pages"}],"about":[{"href":"https:\/\/smartcaisse.shop\/ar\/wp-json\/wp\/v2\/types\/page"}],"author":[{"embeddable":true,"href":"https:\/\/smartcaisse.shop\/ar\/wp-json\/wp\/v2\/users\/1"}],"replies":[{"embeddable":true,"href":"https:\/\/smartcaisse.shop\/ar\/wp-json\/wp\/v2\/comments?post=41"}],"version-history":[{"count":58,"href":"https:\/\/smartcaisse.shop\/ar\/wp-json\/wp\/v2\/pages\/41\/revisions"}],"predecessor-version":[{"id":886,"href":"https:\/\/smartcaisse.shop\/ar\/wp-json\/wp\/v2\/pages\/41\/revisions\/886"}],"wp:attachment":[{"href":"https:\/\/smartcaisse.shop\/ar\/wp-json\/wp\/v2\/media?parent=41"}],"curies":[{"name":"wp","href":"https:\/\/api.w.org\/{rel}","templated":true}]}}